{"id":3568,"date":"2022-11-15T07:12:57","date_gmt":"2022-11-15T06:12:57","guid":{"rendered":"https:\/\/www.rb-artworks.de\/gig-holzkunst\/?page_id=3568"},"modified":"2023-02-21T15:28:50","modified_gmt":"2023-02-21T14:28:50","slug":"impressum","status":"publish","type":"page","link":"https:\/\/www.rb-artworks.de\/gig-holzkunst\/impressum\/","title":{"rendered":"Impressum"},"content":{"rendered":"<div class='flex_column av-4a1zj4-1bc6f721a3aae624c16ac3ed33e4ff41 av_one_fourth  avia-builder-el-0  el_before_av_three_fourth  avia-builder-el-first  first flex_column_div '     ><p><section  class='av_textblock_section av-lahtlm8j-c6ff289a5eeacf45880f3c9bf2c5b512'  itemscope=\"itemscope\" itemtype=\"https:\/\/schema.org\/CreativeWork\" ><div class='avia_textblock'  itemprop=\"text\" ><p><strong>GIG Holzkunst<\/strong><br \/>\nG\u00f6tz und Irmi Gerke<br \/>\nBr\u00fcmmelkamp 27<br \/>\n21423 Winsen (Luhe)<\/p>\n<\/div><\/section><br \/>\n<section  class='av_textblock_section av-lahtmcqb-facde53675dcb7960d76c7ef3e64d0e5'  itemscope=\"itemscope\" itemtype=\"https:\/\/schema.org\/CreativeWork\" ><div class='avia_textblock'  itemprop=\"text\" ><p><strong>Tel. 04171 \u2013 8486640<\/strong><br \/>\nE-Mail info@gig-holzkunst.de<\/p>\n<\/div><\/section><\/p><\/div>\n<div class='flex_column av-2aewb4-954bd965836a51f336b99d519ab0e84b av_three_fourth  avia-builder-el-3  el_after_av_one_fourth  avia-builder-el-last  flex_column_div '     ><p><section  class='av_textblock_section av-lahtkb4b-c34b988a4282544a566d3efb064e135e'  itemscope=\"itemscope\" itemtype=\"https:\/\/schema.org\/CreativeWork\" ><div class='avia_textblock'  itemprop=\"text\" ><p><strong>Verantwortlich f\u00fcr redaktionelle Inhalte<\/strong><br \/>\nFrau Irmi Gerke<\/p>\n<p><strong>Verbraucher-Streitschlichtung<\/strong><br \/>\nDie EU-Kommission hat eine Internetplattform zur Online-Beilegung von Streitigkeiten betreffend vertraglicher Verpflichtungen aus Online-Vertr\u00e4gen geschaffen (OS-Plattform). Sie k\u00f6nnen die OS-Plattform unter dem folgenden Link erreichen: <a href=\"http:\/\/ec.europa.eu\/consumers\/odr\/\" target=\"_blank\" rel=\"noopener\">http:\/\/ec.europa.eu\/consumers\/odr\/<\/a>. Wir sind nicht bereit und nicht verpflichtet an einem Streitbeilegungsverfahren vor einer Verbraucherschlichtungsstelle teilzunehmen.<\/p>\n<p><strong>Haftung f\u00fcr Links<\/strong><br \/>\nExterne Links unserer Internetseite f\u00fchren zu Inhalten fremder Anbieter. F\u00fcr diese Inhalte ist allein der jeweilige Anbieter verantwortlich. Bei bekannt werden von Rechtsverletzungen werden diese Links umgehend entfernt.<\/p>\n<p><strong>Urheberrechtshinweis<\/strong><br \/>\nDie durch uns erstellten Inhalte und Werke auf dieser Website unterliegen dem deutschen Urheberrecht. Die Vervielf\u00e4ltigung, Bearbeitung, Verbreitung und jede Art der Verwertung au\u00dferhalb der Grenzen des Urheberrechtes bed\u00fcrfen der schriftlichen Zustimmung des jeweiligen Autors bzw. Erstellers. Soweit die Inhalte auf dieser Seite nicht von uns selbst erstellt wurden, werden Urheberrechte Dritter beachtet. Insbesondere werden Inhalte Dritter als solche gekennzeichnet. Sollten Sie trotzdem auf eine Urheberrechtsverletzung aufmerksam werden, wird um einen entsprechenden Hinweis gebeten. Bei Bekanntwerden von Rechtsverletzungen werden wir derartige Inhalte umgehend entfernen.<\/p>\n<\/div><\/section><br \/>\n<section  class='av_textblock_section av-lahtl6rb-ef6298769af7ee73e1b707ed3d088d3c'  itemscope=\"itemscope\" itemtype=\"https:\/\/schema.org\/CreativeWork\" ><div class='avia_textblock'  itemprop=\"text\" ><p>Webdesign &amp; Fotos: <a href=\"https:\/\/www.rb-artworks.de\" target=\"_blank\" rel=\"noopener\">www.rb-artworks.de<\/a><\/p>\n<\/div><\/section><\/p><\/div>\n","protected":false},"excerpt":{"rendered":"","protected":false},"author":1,"featured_media":0,"parent":0,"menu_order":0,"comment_status":"closed","ping_status":"closed","template":"","meta":{"footnotes":""},"class_list":["post-3568","page","type-page","status-publish","hentry"],"_links":{"self":[{"href":"https:\/\/www.rb-artworks.de\/gig-holzkunst\/wp-json\/wp\/v2\/pages\/3568","targetHints":{"allow":["GET"]}}],"collection":[{"href":"https:\/\/www.rb-artworks.de\/gig-holzkunst\/wp-json\/wp\/v2\/pages"}],"about":[{"href":"https:\/\/www.rb-artworks.de\/gig-holzkunst\/wp-json\/wp\/v2\/types\/page"}],"author":[{"embeddable":true,"href":"https:\/\/www.rb-artworks.de\/gig-holzkunst\/wp-json\/wp\/v2\/users\/1"}],"replies":[{"embeddable":true,"href":"https:\/\/www.rb-artworks.de\/gig-holzkunst\/wp-json\/wp\/v2\/comments?post=3568"}],"version-history":[{"count":10,"href":"https:\/\/www.rb-artworks.de\/gig-holzkunst\/wp-json\/wp\/v2\/pages\/3568\/revisions"}],"predecessor-version":[{"id":3759,"href":"https:\/\/www.rb-artworks.de\/gig-holzkunst\/wp-json\/wp\/v2\/pages\/3568\/revisions\/3759"}],"wp:attachment":[{"href":"https:\/\/www.rb-artworks.de\/gig-holzkunst\/wp-json\/wp\/v2\/media?parent=3568"}],"curies":[{"name":"wp","href":"https:\/\/api.w.org\/{rel}","templated":true}]}}